{"id":23,"date":"2014-12-05T10:16:01","date_gmt":"2014-12-05T10:16:01","guid":{"rendered":"http:\/\/www.ls.haw-hamburg.de\/~ob-serve\/?page_id=23"},"modified":"2019-03-25T19:09:06","modified_gmt":"2019-03-25T19:09:06","slug":"projektpartner","status":"publish","type":"page","link":"https:\/\/www.ls.haw-hamburg.de\/~ob-serve\/?page_id=23","title":{"rendered":"Projektpartner"},"content":{"rendered":"<p><strong>Fraunhofer-Institut f\u00fcr Solare Energiesysteme ISE<\/strong><\/p>\n<p>Mit 1300 Mitarbeitern ist das in Freiburg angesiedelte <a href=\"http:\/\/www.ise.fraunhofer.de\/de\" target=\"_blank\">Fraunhofer-Institut f\u00fcr Solare Energiesysteme ISE<\/a> das gr\u00f6\u00dfte europ\u00e4ische Solarforschungsinstitut. Das Fraunhofer ISE setzt sich f\u00fcr ein nachhaltiges, wirtschaftliches, sicheres und sozial gerechtes Energieversorgungssystem ein und schafft technische Voraussetzungen f\u00fcr eine effiziente und umweltfreundliche Energieversorgung. Hierzu entwickelt das Institut Materialien, Komponenten, Systeme und Verfahren f\u00fcr Energieeffizienz, Energiegewinnung, Energieverteilung und Energiespeicherung. Die Gesch\u00e4ftsfelder des Fraunhofer ISE sind u.a.: Energieeffiziente Geb\u00e4ude; Photovoltaik; Wasserstoff- und Brennstoffzellentechnologie; Systemintegration und Netze \u2013 Strom, W\u00e4rme, Gas; Energieeffiziente Leistungselektronik; Emissionsfreie Mobilit\u00e4t; Speichertechnologien; Energiesystemanalyse.<br \/>\nIm Themenbereich <a href=\"http:\/\/www.ise.fraunhofer.de\/de\/geschaeftsfelder\/energieeffiziente-gebaeude\/themen\/betriebsfuehrung-von-gebaeuden\/betriebsfuehrung-von-gebaeuden\" target=\"_blank\">Betriebsf\u00fchrung von Geb\u00e4uden<\/a> entwickeln und testen wir unterschiedliche Systematiken Analyse des Geb\u00e4udebetriebs. Diese beinhalten die Erarbeitung messtechnischer Konzepte, die Datenverarbeitung und -visualisierung, die automatische Fehlererkennung und -diagnose sowie modellbasierte Optimierung.<\/p>\n<p><strong>Hochschule f\u00fcr angewandte Wissenschaften<\/strong><\/p>\n<p>Die <a href=\"http:\/\/www.haw-hamburg.de\/\" target=\"_blank\">Hochschule f\u00fcr Angewandte Wissenschaften (HAW) Hamburg<\/a> ist die gr\u00f6\u00dfte praxisorientierte Fachhochschule Norddeutschlands. \u00dcber 16.000 Studierende sind in 41 Bachelor- und 27 Masterstudieng\u00e4ngen eingeschrieben. Die Lehre wird von ca. 400 Professorinnen und Professoren und ebenso vielen Lehrbeauftragten an vier Fakult\u00e4ten \u00fcbernommen. Im Stadtteil Bergedorf ist die <a href=\"http:\/\/www.haw-hamburg.de\/ls.html\" target=\"_blank\">Fakult\u00e4t Life Sciences<\/a> beheimatet, die Studieng\u00e4nge mit direktem Bezug zu den grundlegenden Lebensumst\u00e4nden des Menschen bietet.<br \/>\nDie HAW Hamburg organisiert ihre Vielfalt an Kompetenzen und Forschungsgebieten in Competence Centern, die sich fakult\u00e4ts\u00fcbergreifend und interdisziplin\u00e4r mit wichtigen Themenfeldern der Zukunft besch\u00e4ftigen. Das im Juli 2008 gegr\u00fcndete <a href=\"http:\/\/www.haw-hamburg.de\/cc4e.html\" target=\"_blank\">Competence Center f\u00fcr Erneuerbare Energien und Energieeffizienz (CC4E)<\/a> b\u00fcndelt, entwickelt und unterst\u00fctzt die Aktivit\u00e4ten der HAW Hamburg auf den Gebieten der erneuerbaren Energien und der Energieeffizienz und hat im Februar 2015 das <a href=\"http:\/\/www.haw-hamburg.de\/cc4e\/energie-campus.html\" target=\"_blank\">Technologiezentrum Energie-Campus<\/a> in Bergedorf er\u00f6ffnet.<\/p>\n<p><strong>IngSoft GmbH<\/strong><\/p>\n<p>Die <a href=\"http:\/\/www.ingsoft.de\/Home_de.ingsoft\" target=\"_blank\">IngSoft GmbH<\/a> ist ein Vorreiter im Bereich der Software-Entwicklung f\u00fcr effektives und langfristiges Energiemanagement nach DIN EN ISO 50001. Mit Hilfe seiner intelligenten Software-L\u00f6sung IngSoft InterWatt hat sich das Unternehmen auf dem Zukunftsmarkt des nachhaltigen Energiemanagements fest etabliert und setzt in diesem Bereich Ma\u00dfst\u00e4be. Ein besonderer Schwerpunkt des Umfangs der Software liegt bei Funktionen, die Energiemanagement auf Unternehmensebene unterst\u00fctzen und Anwendern einen \u00dcberblick auch \u00fcber viele hunderte Liegenschaften geben.<br \/>\nSeit der Unternehmensgr\u00fcndung im Jahr 1997 erfreut sich IngSoft eines stetigen Wachstums.<\/p>\n<p><strong>Kieback&amp;Peter GmbH &amp; Co.KG &#8211; Berlin<\/strong><\/p>\n<p class=\"bodytext\">Die aktive Mitgestaltung moderner Geb\u00e4udeautomation wird von <a href=\"http:\/\/www.kieback-peter.de\/\" target=\"_blank\">Kieback&amp;Peter<\/a> seit vielen Jahren betrieben. Die Firma arbeitet aktiv in Standardisierungsgremien und Allianzen mit. Dazu geh\u00f6ren z.B. die <a href=\"http:\/\/www.big-eu.org\/?tx_felogin_pi1%5Bforgot%5D=1\" target=\"_blank\">BIG-EU<\/a>, <a href=\"http:\/\/www.lonmark.de\/\" target=\"_blank\">Lonmark<\/a>, <a href=\"http:\/\/www.eubac.org\/\" target=\"_blank\">Eu.Bac<\/a> und die \u201e<a href=\"https:\/\/www.enocean-alliance.org\/de\/home\/\" target=\"_blank\">enocean-alliance<\/a>\u201c. Die daraus resultierenden Definitionen f\u00fchren zu einer nachweislichen Verbesserung der Interoperabilit\u00e4t in der Geb\u00e4udeautomation und somit zu mehr Herstellerunabh\u00e4ngigkeit bzw. Flexibilit\u00e4t.<br \/>\nForschung &amp; Entwicklung hat bei Kieback&amp;Peter einen hohen Stellenwert. Alle wesentlichen Komponenten werden im Haus entwickelt. Die Mitarbeit in Forschungsvorhaben bzw. die Leitung dieser Projekte geh\u00f6rt seit einigen Jahren auch zum Arbeitsumfeld. Das Verbundprojekt \u201eIntelligente funkbasierte Einzelraumreglung f\u00fcr die Wohnungswirtschaft\u201c wurde zusammen mit der TH -Wildau entwickelt (Land Brandenburg FuE &#8211; gro\u00dfe Richtlinie OP 18 &#8220;proFiff&#8221;\u00a0 Wohnungswitschaft 2010-2013). Das Ergebnis ist eine neuartige, v\u00f6llig energieautarke und selbstlernende Raumautomation f\u00fcr Wohnungen.\u00a0 Damit schaffte die Firma die technologische Grundlage f\u00fcr eine Gesch\u00e4ftfelderweiterung.<br \/>\nAktuelle Verbundprojekte \u201e<a href=\"http:\/\/www.e2sg-project.eu\/\" target=\"_blank\">E2SG \u2013 Energy to smart Grid<\/a>\u201c, ein Projekt der ENIAC, gef\u00f6rdert durch das BMBF (2013 \u2013 2015), \u201e<a href=\"http:\/\/baas-itea2.eu\/cms\/home-menu-item\" target=\"_blank\">BaaS \u2013 Building as a Service<\/a>\u201c, ein Projekt der ITEA, gef\u00f6rdert durch das BMBF (2013\u20132016) und \u201eOBSERVE &#8211; Optimierung und Betriebsf\u00fchrung komplexer Geb\u00e4udeenergieversorgungsanlagen\u201c, gef\u00f6rdert durch das BMWi (2014-2017) schaffen zus\u00e4tzliche M\u00f6glichkeiten der Anwendung von Automation von Geb\u00e4uden bzw. R\u00e4umen und erhebliche Verbesserungen der Lebensqualit\u00e4t bzw. Energieeffizienz.<\/p>\n<p class=\"bodytext\"><strong>PLENUM<\/strong><\/p>\n<p class=\"bodytext\">Die PLENUM Ingenieurgesellschaft f\u00fcr Planung . Energie . Umwelt mbH existiert seit 1990. Sie ist aus dem 1981 gegr\u00fcndeten Ingenieurb\u00fcro f\u00fcr Architektur &amp; Energieberatung, sp\u00e4ter PLENUM hervorgegangen und kann somit auf eine \u00fcber 30 Jahre reichende Erfahrung zur\u00fcckgreifen.<br \/>\nDie Gesellschaft wird von Dipl. Ing. Allan McHardy, Architekt und Dipl. Phys. Dr. Arnold Harmsen als Gesch\u00e4ftsf\u00fchrer geleitet. In einem interdisziplin\u00e4ren Team werden vielf\u00e4ltige Aufgabenstellungen fach\u00fcbergreifend bearbeitet, die auch die Forschung und Entwicklung im Bereich neuer Technologien umfassen.<br \/>\nPLENUM ist in den Arbeitsbereichen PLanung und Bauen, ENergie und UMwelt t\u00e4tig.<\/p>\n<p>&nbsp;<\/p>\n<p>&nbsp;<\/p>\n<p>&nbsp;<\/p>\n<p>&nbsp;<\/p>\n","protected":false},"excerpt":{"rendered":"<p>Fraunhofer-Institut f\u00fcr Solare Energiesysteme ISE Mit 1300 Mitarbeitern ist das in Freiburg angesiedelte Fraunhofer-Institut f\u00fcr Solare Energiesysteme ISE das gr\u00f6\u00dfte europ\u00e4ische Solarforschungsinstitut. Das Fraunhofer ISE setzt sich f\u00fcr ein nachhaltiges, wirtschaftliches, sicheres und sozial gerechtes Energieversorgungssystem ein und schafft technische &hellip; <a href=\"https:\/\/www.ls.haw-hamburg.de\/~ob-serve\/?page_id=23\">Weiterlesen <span class=\"meta-nav\">&rarr;<\/span><\/a><\/p>\n","protected":false},"author":1,"featured_media":0,"parent":0,"menu_order":0,"comment_status":"closed","ping_status":"closed","template":"sidebar-page.php","meta":{"footnotes":""},"class_list":["post-23","page","type-page","status-publish","hentry"],"_links":{"self":[{"href":"https:\/\/www.ls.haw-hamburg.de\/~ob-serve\/index.php?rest_route=\/wp\/v2\/pages\/23","targetHints":{"allow":["GET"]}}],"collection":[{"href":"https:\/\/www.ls.haw-hamburg.de\/~ob-serve\/index.php?rest_route=\/wp\/v2\/pages"}],"about":[{"href":"https:\/\/www.ls.haw-hamburg.de\/~ob-serve\/index.php?rest_route=\/wp\/v2\/types\/page"}],"author":[{"embeddable":true,"href":"https:\/\/www.ls.haw-hamburg.de\/~ob-serve\/index.php?rest_route=\/wp\/v2\/users\/1"}],"replies":[{"embeddable":true,"href":"https:\/\/www.ls.haw-hamburg.de\/~ob-serve\/index.php?rest_route=%2Fwp%2Fv2%2Fcomments&post=23"}],"version-history":[{"count":15,"href":"https:\/\/www.ls.haw-hamburg.de\/~ob-serve\/index.php?rest_route=\/wp\/v2\/pages\/23\/revisions"}],"predecessor-version":[{"id":461,"href":"https:\/\/www.ls.haw-hamburg.de\/~ob-serve\/index.php?rest_route=\/wp\/v2\/pages\/23\/revisions\/461"}],"wp:attachment":[{"href":"https:\/\/www.ls.haw-hamburg.de\/~ob-serve\/index.php?rest_route=%2Fwp%2Fv2%2Fmedia&parent=23"}],"curies":[{"name":"wp","href":"https:\/\/api.w.org\/{rel}","templated":true}]}}