{"id":133,"date":"2015-07-14T12:06:02","date_gmt":"2015-07-14T12:06:02","guid":{"rendered":"http:\/\/www.ls.haw-hamburg.de\/~ob-serve\/?page_id=133"},"modified":"2015-07-16T13:19:33","modified_gmt":"2015-07-16T13:19:33","slug":"schule-sterntalerstrasse-hamburg","status":"publish","type":"page","link":"https:\/\/www.ls.haw-hamburg.de\/~ob-serve\/?page_id=133","title":{"rendered":"Schule Sterntalerstra\u00dfe &#8211; Hamburg"},"content":{"rendered":"<p>Die Grundschule an der Sterntalerstra\u00dfe wurde in den Jahren 1966 bis 1968 im Hamburger Stadtteil Billstedt erbaut. Sie besteht aus f\u00fcnf Klassenh\u00e4usern, einer Sporthalle, einer Verwaltung und einem Geb\u00e4ude mit Pausenhalle und Musikraum. In einem der Klassenh\u00e4user ist befindet sich eine Kantine mit Speisesaal. Auf dem Schulgel\u00e4nde befindet sich das Haus des Hausmeisters welches ebenfalls \u00fcber die Heizungsanlage der Schule mit W\u00e4rme versorgt wird.<\/p>\n<p><img loading=\"lazy\" decoding=\"async\" class=\"aligncenter wp-image-177 size-medium\" src=\"http:\/\/www.ls.haw-hamburg.de\/~ob-serve\/wp-content\/uploads\/27.9.11-4-300x225.jpg\" alt=\"27.9.11 4\" width=\"300\" height=\"225\" srcset=\"https:\/\/www.ls.haw-hamburg.de\/~ob-serve\/wp-content\/uploads\/27.9.11-4-300x225.jpg 300w, https:\/\/www.ls.haw-hamburg.de\/~ob-serve\/wp-content\/uploads\/27.9.11-4-1024x768.jpg 1024w, https:\/\/www.ls.haw-hamburg.de\/~ob-serve\/wp-content\/uploads\/27.9.11-4-400x300.jpg 400w, https:\/\/www.ls.haw-hamburg.de\/~ob-serve\/wp-content\/uploads\/27.9.11-4.jpg 2048w\" sizes=\"auto, (max-width: 300px) 100vw, 300px\" \/>Die Nettogeschossfl\u00e4che der Schule betr\u00e4gt 4.616 m\u00b2. Die Schule wird direkt, d.h. ohne W\u00e4rmetauscher, mit Fernw\u00e4rme versorgt. Die installierten Erdsonden erm\u00f6glichen in den Klassenh\u00e4usern eine K\u00fchlung der Zuluft im Sommer bzw. eine Vorerw\u00e4rmung der Luft im Winter. Zusammen mit einem rekuperativen W\u00e4rmetauscher wird so die notwendige Nacherw\u00e4rmung minimiert. Hierf\u00fcr wird keine W\u00e4rmepumpe eingesetzt.<br \/>\nAuf dem Dach der Sporthalle befinden sich thermische Solarkollektoren. Mit ihnen werden zwei Pufferspeicher beheizt. Aus diesem Pufferspeicher erfolgt die Warmwasserbereitung f\u00fcr die Duschen und die Kantine. Bei ausreichender Solareinstrahlung kann die W\u00e4rme auch f\u00fcr statische und dynamische Heizungen verwendet werden. Wird die gespeicherte W\u00e4rme nicht selbst ben\u00f6tigen, etwa in den Sommerferien, kann die \u00fcbersch\u00fcssige Energie in den Vorlauf der Fernw\u00e4rme eingespeist werden. Die Klassenr\u00e4ume werden CO<sub>2<\/sub>-gef\u00fchrt bel\u00fcftet.<\/p>\n","protected":false},"excerpt":{"rendered":"<p>Die Grundschule an der Sterntalerstra\u00dfe wurde in den Jahren 1966 bis 1968 im Hamburger Stadtteil Billstedt erbaut. Sie besteht aus f\u00fcnf Klassenh\u00e4usern, einer Sporthalle, einer Verwaltung und einem Geb\u00e4ude mit Pausenhalle und Musikraum. In einem der Klassenh\u00e4user ist befindet sich &hellip; <a href=\"https:\/\/www.ls.haw-hamburg.de\/~ob-serve\/?page_id=133\">Weiterlesen <span class=\"meta-nav\">&rarr;<\/span><\/a><\/p>\n","protected":false},"author":1,"featured_media":0,"parent":15,"menu_order":0,"comment_status":"closed","ping_status":"closed","template":"sidebar-page.php","meta":{"footnotes":""},"class_list":["post-133","page","type-page","status-publish","hentry"],"_links":{"self":[{"href":"https:\/\/www.ls.haw-hamburg.de\/~ob-serve\/index.php?rest_route=\/wp\/v2\/pages\/133","targetHints":{"allow":["GET"]}}],"collection":[{"href":"https:\/\/www.ls.haw-hamburg.de\/~ob-serve\/index.php?rest_route=\/wp\/v2\/pages"}],"about":[{"href":"https:\/\/www.ls.haw-hamburg.de\/~ob-serve\/index.php?rest_route=\/wp\/v2\/types\/page"}],"author":[{"embeddable":true,"href":"https:\/\/www.ls.haw-hamburg.de\/~ob-serve\/index.php?rest_route=\/wp\/v2\/users\/1"}],"replies":[{"embeddable":true,"href":"https:\/\/www.ls.haw-hamburg.de\/~ob-serve\/index.php?rest_route=%2Fwp%2Fv2%2Fcomments&post=133"}],"version-history":[{"count":7,"href":"https:\/\/www.ls.haw-hamburg.de\/~ob-serve\/index.php?rest_route=\/wp\/v2\/pages\/133\/revisions"}],"predecessor-version":[{"id":259,"href":"https:\/\/www.ls.haw-hamburg.de\/~ob-serve\/index.php?rest_route=\/wp\/v2\/pages\/133\/revisions\/259"}],"up":[{"embeddable":true,"href":"https:\/\/www.ls.haw-hamburg.de\/~ob-serve\/index.php?rest_route=\/wp\/v2\/pages\/15"}],"wp:attachment":[{"href":"https:\/\/www.ls.haw-hamburg.de\/~ob-serve\/index.php?rest_route=%2Fwp%2Fv2%2Fmedia&parent=133"}],"curies":[{"name":"wp","href":"https:\/\/api.w.org\/{rel}","templated":true}]}}