{"id":151,"date":"2020-04-20T10:31:49","date_gmt":"2020-04-20T08:31:49","guid":{"rendered":"https:\/\/www.ls.haw-hamburg.de\/~Living-and-Studies\/?page_id=151"},"modified":"2025-10-30T12:24:53","modified_gmt":"2025-10-30T11:24:53","slug":"departments","status":"publish","type":"page","link":"https:\/\/www.ls.haw-hamburg.de\/~Living-and-Studies\/index.php\/departments\/","title":{"rendered":"Studieng\u00e4nge auf dem Campus Bergedorf"},"content":{"rendered":"\n<div style=\"height:71px\" aria-hidden=\"true\" class=\"wp-block-spacer\"><\/div>\n\n\n\n<p class=\"has-text-align-center has-normal-font-size\">Hier erf\u00e4hrst du mehr \u00fcber deine M\u00f6glichkeiten ins Ausland zu gehen! <\/p>\n\n\n\n<p class=\"has-text-align-center has-normal-font-size\">Die jeweiligen Austauschl\u00e4nder sind den Studieng\u00e4ngen zugeordnet. Viel Spa\u00df beim St\u00f6bern.<\/p>\n\n\n\n<div style=\"height:100px\" aria-hidden=\"true\" class=\"wp-block-spacer\"><\/div>\n\n\n<div class=\"pt-cv-wrapper\"><div class=\"pt-cv-view pt-cv-grid pt-cv-colsys\" id=\"pt-cv-view-283b0524lm\"><div data-id=\"pt-cv-page-1\" class=\"pt-cv-page\" data-cvc=\"2\"><div class=\"col-md-6 col-sm-6 col-xs-12 pt-cv-content-item pt-cv-1-col\" ><div class='pt-cv-ifield'><a href=\"https:\/\/www.ls.haw-hamburg.de\/~Living-and-Studies\/index.php\/departments\/bme\/\" class=\"_self pt-cv-href-thumbnail pt-cv-thumb-default\" target=\"_self\" ><img loading=\"lazy\" decoding=\"async\" width=\"518\" height=\"550\" src=\"https:\/\/www.ls.haw-hamburg.de\/~Living-and-Studies\/wp-content\/uploads\/2020\/09\/tmfeatbss4s.jpg\" class=\"pt-cv-thumbnail\" alt=\"\" \/><\/a>\n<h4 class=\"pt-cv-title\"><a href=\"https:\/\/www.ls.haw-hamburg.de\/~Living-and-Studies\/index.php\/departments\/bme\/\" class=\"_self\" target=\"_self\" >Biomedical Engineering M.Sc.<\/a><\/h4><\/div><\/div>\n<div class=\"col-md-6 col-sm-6 col-xs-12 pt-cv-content-item pt-cv-1-col\" ><div class='pt-cv-ifield'><a href=\"https:\/\/www.ls.haw-hamburg.de\/~Living-and-Studies\/index.php\/departments\/biotechnologie\/\" class=\"_self pt-cv-href-thumbnail pt-cv-thumb-default\" target=\"_self\" ><img loading=\"lazy\" decoding=\"async\" width=\"825\" height=\"550\" src=\"https:\/\/www.ls.haw-hamburg.de\/~Living-and-Studies\/wp-content\/uploads\/2020\/09\/lxprhcm8-ti.jpg\" class=\"pt-cv-thumbnail\" alt=\"\" \/><\/a>\n<h4 class=\"pt-cv-title\"><a href=\"https:\/\/www.ls.haw-hamburg.de\/~Living-and-Studies\/index.php\/departments\/biotechnologie\/\" class=\"_self\" target=\"_self\" >Biotechnologie<\/a><\/h4><\/div><\/div>\n<div class=\"col-md-6 col-sm-6 col-xs-12 pt-cv-content-item pt-cv-1-col\" ><div class='pt-cv-ifield'><a href=\"https:\/\/www.ls.haw-hamburg.de\/~Living-and-Studies\/index.php\/departments\/food-science\/\" class=\"_self pt-cv-href-thumbnail pt-cv-thumb-default\" target=\"_self\" ><img loading=\"lazy\" decoding=\"async\" width=\"1170\" height=\"550\" src=\"https:\/\/www.ls.haw-hamburg.de\/~Living-and-Studies\/wp-content\/uploads\/2020\/05\/uhfb8shwomw-1170x550.jpg\" class=\"pt-cv-thumbnail\" alt=\"\" srcset=\"https:\/\/www.ls.haw-hamburg.de\/~Living-and-Studies\/wp-content\/uploads\/2020\/05\/uhfb8shwomw-1170x550.jpg 1170w, https:\/\/www.ls.haw-hamburg.de\/~Living-and-Studies\/wp-content\/uploads\/2020\/05\/uhfb8shwomw-710x335.jpg 710w\" sizes=\"auto, (max-width: 1170px) 100vw, 1170px\" \/><\/a>\n<h4 class=\"pt-cv-title\"><a href=\"https:\/\/www.ls.haw-hamburg.de\/~Living-and-Studies\/index.php\/departments\/food-science\/\" class=\"_self\" target=\"_self\" >Food Science<\/a><\/h4><\/div><\/div>\n<div class=\"col-md-6 col-sm-6 col-xs-12 pt-cv-content-item pt-cv-1-col\" ><div class='pt-cv-ifield'><a href=\"https:\/\/www.ls.haw-hamburg.de\/~Living-and-Studies\/index.php\/departments\/gesundheitswissenschaften\/\" class=\"_self pt-cv-href-thumbnail pt-cv-thumb-default\" target=\"_self\" ><img loading=\"lazy\" decoding=\"async\" width=\"1170\" height=\"550\" src=\"https:\/\/www.ls.haw-hamburg.de\/~Living-and-Studies\/wp-content\/uploads\/2020\/05\/rcowmc8qf8a-1170x550.jpg\" class=\"pt-cv-thumbnail\" alt=\"\" srcset=\"https:\/\/www.ls.haw-hamburg.de\/~Living-and-Studies\/wp-content\/uploads\/2020\/05\/rcowmc8qf8a-1170x550.jpg 1170w, https:\/\/www.ls.haw-hamburg.de\/~Living-and-Studies\/wp-content\/uploads\/2020\/05\/rcowmc8qf8a-710x335.jpg 710w\" sizes=\"auto, (max-width: 1170px) 100vw, 1170px\" \/><\/a>\n<h4 class=\"pt-cv-title\"><a href=\"https:\/\/www.ls.haw-hamburg.de\/~Living-and-Studies\/index.php\/departments\/gesundheitswissenschaften\/\" class=\"_self\" target=\"_self\" >Gesundheitswissenschaften<\/a><\/h4><\/div><\/div>\n<div class=\"col-md-6 col-sm-6 col-xs-12 pt-cv-content-item pt-cv-1-col\" ><div class='pt-cv-ifield'><a href=\"https:\/\/www.ls.haw-hamburg.de\/~Living-and-Studies\/index.php\/departments\/wirtschaftsingenieurwesen\/\" class=\"_self pt-cv-href-thumbnail pt-cv-thumb-default\" target=\"_self\" ><img loading=\"lazy\" decoding=\"async\" width=\"1170\" height=\"550\" src=\"https:\/\/www.ls.haw-hamburg.de\/~Living-and-Studies\/wp-content\/uploads\/2020\/05\/pypeceajezy-1170x550.jpg\" class=\"pt-cv-thumbnail\" alt=\"\" srcset=\"https:\/\/www.ls.haw-hamburg.de\/~Living-and-Studies\/wp-content\/uploads\/2020\/05\/pypeceajezy-1170x550.jpg 1170w, https:\/\/www.ls.haw-hamburg.de\/~Living-and-Studies\/wp-content\/uploads\/2020\/05\/pypeceajezy-710x335.jpg 710w\" sizes=\"auto, (max-width: 1170px) 100vw, 1170px\" \/><\/a>\n<h4 class=\"pt-cv-title\"><a href=\"https:\/\/www.ls.haw-hamburg.de\/~Living-and-Studies\/index.php\/departments\/wirtschaftsingenieurwesen\/\" class=\"_self\" target=\"_self\" >Hamburger Wirtschaftsingenieurwesen<\/a><\/h4><\/div><\/div>\n<div class=\"col-md-6 col-sm-6 col-xs-12 pt-cv-content-item pt-cv-1-col\" ><div class='pt-cv-ifield'><a href=\"https:\/\/www.ls.haw-hamburg.de\/~Living-and-Studies\/index.php\/departments\/wirtschaftsingenieurswesen-m-sc\/\" class=\"_self pt-cv-href-thumbnail pt-cv-thumb-default\" target=\"_self\" ><img loading=\"lazy\" decoding=\"async\" width=\"1170\" height=\"550\" src=\"https:\/\/www.ls.haw-hamburg.de\/~Living-and-Studies\/wp-content\/uploads\/2020\/05\/syto3xs06fu-1170x550.jpg\" class=\"pt-cv-thumbnail\" alt=\"\" srcset=\"https:\/\/www.ls.haw-hamburg.de\/~Living-and-Studies\/wp-content\/uploads\/2020\/05\/syto3xs06fu-1170x550.jpg 1170w, https:\/\/www.ls.haw-hamburg.de\/~Living-and-Studies\/wp-content\/uploads\/2020\/05\/syto3xs06fu-710x335.jpg 710w\" sizes=\"auto, (max-width: 1170px) 100vw, 1170px\" \/><\/a>\n<h4 class=\"pt-cv-title\"><a href=\"https:\/\/www.ls.haw-hamburg.de\/~Living-and-Studies\/index.php\/departments\/wirtschaftsingenieurswesen-m-sc\/\" class=\"_self\" target=\"_self\" >Hamburger Wirtschaftsingenieurwesen M.Sc.<\/a><\/h4><\/div><\/div>\n<div class=\"col-md-6 col-sm-6 col-xs-12 pt-cv-content-item pt-cv-1-col\" ><div class='pt-cv-ifield'><a href=\"https:\/\/www.ls.haw-hamburg.de\/~Living-and-Studies\/index.php\/departments\/health-science\/\" class=\"_self pt-cv-href-thumbnail pt-cv-thumb-default\" target=\"_self\" ><img loading=\"lazy\" decoding=\"async\" width=\"1170\" height=\"550\" src=\"https:\/\/www.ls.haw-hamburg.de\/~Living-and-Studies\/wp-content\/uploads\/2020\/05\/bivuafyc8oi-scaled-e1590493470270-1170x550.jpg\" class=\"pt-cv-thumbnail\" alt=\"\" srcset=\"https:\/\/www.ls.haw-hamburg.de\/~Living-and-Studies\/wp-content\/uploads\/2020\/05\/bivuafyc8oi-scaled-e1590493470270-1170x550.jpg 1170w, https:\/\/www.ls.haw-hamburg.de\/~Living-and-Studies\/wp-content\/uploads\/2020\/05\/bivuafyc8oi-scaled-e1590493470270-710x335.jpg 710w\" sizes=\"auto, (max-width: 1170px) 100vw, 1170px\" \/><\/a>\n<h4 class=\"pt-cv-title\"><a href=\"https:\/\/www.ls.haw-hamburg.de\/~Living-and-Studies\/index.php\/departments\/health-science\/\" class=\"_self\" target=\"_self\" >Health Science<\/a><\/h4><\/div><\/div>\n<div class=\"col-md-6 col-sm-6 col-xs-12 pt-cv-content-item pt-cv-1-col\" ><div class='pt-cv-ifield'><a href=\"https:\/\/www.ls.haw-hamburg.de\/~Living-and-Studies\/index.php\/departments\/medizintechnik\/\" class=\"_self pt-cv-href-thumbnail pt-cv-thumb-default\" target=\"_self\" ><img loading=\"lazy\" decoding=\"async\" width=\"1170\" height=\"550\" src=\"https:\/\/www.ls.haw-hamburg.de\/~Living-and-Studies\/wp-content\/uploads\/2020\/05\/de6ryp1naho-1170x550.jpg\" class=\"pt-cv-thumbnail\" alt=\"\" srcset=\"https:\/\/www.ls.haw-hamburg.de\/~Living-and-Studies\/wp-content\/uploads\/2020\/05\/de6ryp1naho-1170x550.jpg 1170w, https:\/\/www.ls.haw-hamburg.de\/~Living-and-Studies\/wp-content\/uploads\/2020\/05\/de6ryp1naho-710x335.jpg 710w\" sizes=\"auto, (max-width: 1170px) 100vw, 1170px\" \/><\/a>\n<h4 class=\"pt-cv-title\"><a href=\"https:\/\/www.ls.haw-hamburg.de\/~Living-and-Studies\/index.php\/departments\/medizintechnik\/\" class=\"_self\" target=\"_self\" >Medizintechnik<\/a><\/h4><\/div><\/div>\n<div class=\"col-md-6 col-sm-6 col-xs-12 pt-cv-content-item pt-cv-1-col\" ><div class='pt-cv-ifield'><a href=\"https:\/\/www.ls.haw-hamburg.de\/~Living-and-Studies\/index.php\/departments\/oekotrophologie\/\" class=\"_self pt-cv-href-thumbnail pt-cv-thumb-default\" target=\"_self\" ><img loading=\"lazy\" decoding=\"async\" width=\"1170\" height=\"550\" src=\"https:\/\/www.ls.haw-hamburg.de\/~Living-and-Studies\/wp-content\/uploads\/2020\/05\/1csavdwfiew-scaled-e1590434655213-1170x550.jpg\" class=\"pt-cv-thumbnail\" alt=\"\" srcset=\"https:\/\/www.ls.haw-hamburg.de\/~Living-and-Studies\/wp-content\/uploads\/2020\/05\/1csavdwfiew-scaled-e1590434655213-1170x550.jpg 1170w, https:\/\/www.ls.haw-hamburg.de\/~Living-and-Studies\/wp-content\/uploads\/2020\/05\/1csavdwfiew-scaled-e1590434655213-710x335.jpg 710w\" sizes=\"auto, (max-width: 1170px) 100vw, 1170px\" \/><\/a>\n<h4 class=\"pt-cv-title\"><a href=\"https:\/\/www.ls.haw-hamburg.de\/~Living-and-Studies\/index.php\/departments\/oekotrophologie\/\" class=\"_self\" target=\"_self\" >\u00d6kotrophologie<\/a><\/h4><\/div><\/div>\n<div class=\"col-md-6 col-sm-6 col-xs-12 pt-cv-content-item pt-cv-1-col\" ><div class='pt-cv-ifield'><a href=\"https:\/\/www.ls.haw-hamburg.de\/~Living-and-Studies\/index.php\/departments\/bt-msc\/\" class=\"_self pt-cv-href-thumbnail pt-cv-thumb-default\" target=\"_self\" ><img loading=\"lazy\" decoding=\"async\" width=\"1170\" height=\"550\" src=\"https:\/\/www.ls.haw-hamburg.de\/~Living-and-Studies\/wp-content\/uploads\/2020\/05\/gkuc4tmhoiy-1170x550.jpg\" class=\"pt-cv-thumbnail\" alt=\"\" srcset=\"https:\/\/www.ls.haw-hamburg.de\/~Living-and-Studies\/wp-content\/uploads\/2020\/05\/gkuc4tmhoiy-1170x550.jpg 1170w, https:\/\/www.ls.haw-hamburg.de\/~Living-and-Studies\/wp-content\/uploads\/2020\/05\/gkuc4tmhoiy-710x335.jpg 710w\" sizes=\"auto, (max-width: 1170px) 100vw, 1170px\" \/><\/a>\n<h4 class=\"pt-cv-title\"><a href=\"https:\/\/www.ls.haw-hamburg.de\/~Living-and-Studies\/index.php\/departments\/bt-msc\/\" class=\"_self\" target=\"_self\" >Pharmaceutical Biotechnology M.Sc.<\/a><\/h4><\/div><\/div>\n<div class=\"col-md-6 col-sm-6 col-xs-12 pt-cv-content-item pt-cv-1-col\" ><div class='pt-cv-ifield'><a href=\"https:\/\/www.ls.haw-hamburg.de\/~Living-and-Studies\/index.php\/departments\/process-engineering\/\" class=\"_self pt-cv-href-thumbnail pt-cv-thumb-default\" target=\"_self\" ><img loading=\"lazy\" decoding=\"async\" width=\"1170\" height=\"550\" src=\"https:\/\/www.ls.haw-hamburg.de\/~Living-and-Studies\/wp-content\/uploads\/2021\/10\/m_hrflhgabo-1170x550.jpg\" class=\"pt-cv-thumbnail\" alt=\"\" srcset=\"https:\/\/www.ls.haw-hamburg.de\/~Living-and-Studies\/wp-content\/uploads\/2021\/10\/m_hrflhgabo-1170x550.jpg 1170w, https:\/\/www.ls.haw-hamburg.de\/~Living-and-Studies\/wp-content\/uploads\/2021\/10\/m_hrflhgabo-710x335.jpg 710w\" sizes=\"auto, (max-width: 1170px) 100vw, 1170px\" \/><\/a>\n<h4 class=\"pt-cv-title\"><a href=\"https:\/\/www.ls.haw-hamburg.de\/~Living-and-Studies\/index.php\/departments\/process-engineering\/\" class=\"_self\" target=\"_self\" >Process Engineering<\/a><\/h4><\/div><\/div>\n<div class=\"col-md-6 col-sm-6 col-xs-12 pt-cv-content-item pt-cv-1-col\" ><div class='pt-cv-ifield'><a href=\"https:\/\/www.ls.haw-hamburg.de\/~Living-and-Studies\/index.php\/departments\/renewable-energy-systems\/\" class=\"_self pt-cv-href-thumbnail pt-cv-thumb-default\" target=\"_self\" ><img loading=\"lazy\" decoding=\"async\" width=\"1170\" height=\"550\" src=\"https:\/\/www.ls.haw-hamburg.de\/~Living-and-Studies\/wp-content\/uploads\/2020\/05\/ilpf2euppue-1170x550.jpg\" class=\"pt-cv-thumbnail\" alt=\"\" srcset=\"https:\/\/www.ls.haw-hamburg.de\/~Living-and-Studies\/wp-content\/uploads\/2020\/05\/ilpf2euppue-1170x550.jpg 1170w, https:\/\/www.ls.haw-hamburg.de\/~Living-and-Studies\/wp-content\/uploads\/2020\/05\/ilpf2euppue-710x335.jpg 710w\" sizes=\"auto, (max-width: 1170px) 100vw, 1170px\" \/><\/a>\n<h4 class=\"pt-cv-title\"><a href=\"https:\/\/www.ls.haw-hamburg.de\/~Living-and-Studies\/index.php\/departments\/renewable-energy-systems\/\" class=\"_self\" target=\"_self\" >Renewable Energy Systems<\/a><\/h4><\/div><\/div>\n<div class=\"col-md-6 col-sm-6 col-xs-12 pt-cv-content-item pt-cv-1-col\" ><div class='pt-cv-ifield'><a href=\"https:\/\/www.ls.haw-hamburg.de\/~Living-and-Studies\/index.php\/departments\/rescue-engineering\/\" class=\"_self pt-cv-href-thumbnail pt-cv-thumb-default\" target=\"_self\" ><img loading=\"lazy\" decoding=\"async\" width=\"1170\" height=\"550\" src=\"https:\/\/www.ls.haw-hamburg.de\/~Living-and-Studies\/wp-content\/uploads\/2020\/05\/usniu3gmdew-1170x550.jpg\" class=\"pt-cv-thumbnail\" alt=\"\" srcset=\"https:\/\/www.ls.haw-hamburg.de\/~Living-and-Studies\/wp-content\/uploads\/2020\/05\/usniu3gmdew-1170x550.jpg 1170w, https:\/\/www.ls.haw-hamburg.de\/~Living-and-Studies\/wp-content\/uploads\/2020\/05\/usniu3gmdew-710x335.jpg 710w\" sizes=\"auto, (max-width: 1170px) 100vw, 1170px\" \/><\/a>\n<h4 class=\"pt-cv-title\"><a href=\"https:\/\/www.ls.haw-hamburg.de\/~Living-and-Studies\/index.php\/departments\/rescue-engineering\/\" class=\"_self\" target=\"_self\" >Rescue Engineering \/ Hazard Control<\/a><\/h4><\/div><\/div>\n<div class=\"col-md-6 col-sm-6 col-xs-12 pt-cv-content-item pt-cv-1-col\" ><div class='pt-cv-ifield'><a href=\"https:\/\/www.ls.haw-hamburg.de\/~Living-and-Studies\/index.php\/departments\/umwelttechnik\/\" class=\"_self pt-cv-href-thumbnail pt-cv-thumb-default\" target=\"_self\" ><img loading=\"lazy\" decoding=\"async\" width=\"1170\" height=\"550\" src=\"https:\/\/www.ls.haw-hamburg.de\/~Living-and-Studies\/wp-content\/uploads\/2020\/05\/ihmzqv3lleo-1170x550.jpg\" class=\"pt-cv-thumbnail\" alt=\"\" srcset=\"https:\/\/www.ls.haw-hamburg.de\/~Living-and-Studies\/wp-content\/uploads\/2020\/05\/ihmzqv3lleo-1170x550.jpg 1170w, https:\/\/www.ls.haw-hamburg.de\/~Living-and-Studies\/wp-content\/uploads\/2020\/05\/ihmzqv3lleo-710x335.jpg 710w\" sizes=\"auto, (max-width: 1170px) 100vw, 1170px\" \/><\/a>\n<h4 class=\"pt-cv-title\"><a href=\"https:\/\/www.ls.haw-hamburg.de\/~Living-and-Studies\/index.php\/departments\/umwelttechnik\/\" class=\"_self\" target=\"_self\" >Umwelttechnik<\/a><\/h4><\/div><\/div>\n<div class=\"col-md-6 col-sm-6 col-xs-12 pt-cv-content-item pt-cv-1-col\" ><div class='pt-cv-ifield'><a href=\"https:\/\/www.ls.haw-hamburg.de\/~Living-and-Studies\/index.php\/departments\/verfahrenstechnik\/\" class=\"_self pt-cv-href-thumbnail pt-cv-thumb-default\" target=\"_self\" ><img loading=\"lazy\" decoding=\"async\" width=\"1170\" height=\"550\" src=\"https:\/\/www.ls.haw-hamburg.de\/~Living-and-Studies\/wp-content\/uploads\/2020\/05\/fgqsewtsjy-1170x550.jpg\" class=\"pt-cv-thumbnail\" alt=\"\" srcset=\"https:\/\/www.ls.haw-hamburg.de\/~Living-and-Studies\/wp-content\/uploads\/2020\/05\/fgqsewtsjy-1170x550.jpg 1170w, https:\/\/www.ls.haw-hamburg.de\/~Living-and-Studies\/wp-content\/uploads\/2020\/05\/fgqsewtsjy-710x335.jpg 710w\" sizes=\"auto, (max-width: 1170px) 100vw, 1170px\" \/><\/a>\n<h4 class=\"pt-cv-title\"><a href=\"https:\/\/www.ls.haw-hamburg.de\/~Living-and-Studies\/index.php\/departments\/verfahrenstechnik\/\" class=\"_self\" target=\"_self\" >Verfahrenstechnik<\/a><\/h4><\/div><\/div><\/div><\/div><\/div>\n","protected":false},"excerpt":{"rendered":"<p>Hier erf\u00e4hrst du mehr \u00fcber deine M\u00f6glichkeiten ins Ausland zu gehen! Die jeweiligen Austauschl\u00e4nder sind den Studieng\u00e4ngen zugeordnet. Viel Spa\u00df beim St\u00f6bern.<\/p>\n","protected":false},"author":1,"featured_media":1328,"parent":0,"menu_order":0,"comment_status":"closed","ping_status":"closed","template":"page-fullwidth.php","meta":{"footnotes":""},"class_list":["post-151","page","type-page","status-publish","has-post-thumbnail","hentry"],"_links":{"self":[{"href":"https:\/\/www.ls.haw-hamburg.de\/~Living-and-Studies\/index.php\/wp-json\/wp\/v2\/pages\/151","targetHints":{"allow":["GET"]}}],"collection":[{"href":"https:\/\/www.ls.haw-hamburg.de\/~Living-and-Studies\/index.php\/wp-json\/wp\/v2\/pages"}],"about":[{"href":"https:\/\/www.ls.haw-hamburg.de\/~Living-and-Studies\/index.php\/wp-json\/wp\/v2\/types\/page"}],"author":[{"embeddable":true,"href":"https:\/\/www.ls.haw-hamburg.de\/~Living-and-Studies\/index.php\/wp-json\/wp\/v2\/users\/1"}],"replies":[{"embeddable":true,"href":"https:\/\/www.ls.haw-hamburg.de\/~Living-and-Studies\/index.php\/wp-json\/wp\/v2\/comments?post=151"}],"version-history":[{"count":9,"href":"https:\/\/www.ls.haw-hamburg.de\/~Living-and-Studies\/index.php\/wp-json\/wp\/v2\/pages\/151\/revisions"}],"predecessor-version":[{"id":2006,"href":"https:\/\/www.ls.haw-hamburg.de\/~Living-and-Studies\/index.php\/wp-json\/wp\/v2\/pages\/151\/revisions\/2006"}],"wp:featuredmedia":[{"embeddable":true,"href":"https:\/\/www.ls.haw-hamburg.de\/~Living-and-Studies\/index.php\/wp-json\/wp\/v2\/media\/1328"}],"wp:attachment":[{"href":"https:\/\/www.ls.haw-hamburg.de\/~Living-and-Studies\/index.php\/wp-json\/wp\/v2\/media?parent=151"}],"curies":[{"name":"wp","href":"https:\/\/api.w.org\/{rel}","templated":true}]}}