{"id":150,"date":"2020-04-20T10:31:49","date_gmt":"2020-04-20T08:31:49","guid":{"rendered":"https:\/\/www.ls.haw-hamburg.de\/~Living-and-Studies\/?page_id=150"},"modified":"2025-10-30T13:13:47","modified_gmt":"2025-10-30T12:13:47","slug":"welcome-to-modern-wordpress-theme","status":"publish","type":"page","link":"https:\/\/www.ls.haw-hamburg.de\/~Living-and-Studies\/","title":{"rendered":"Startseite"},"content":{"rendered":"\n<div style=\"height:84px\" aria-hidden=\"true\" class=\"wp-block-spacer\"><\/div>\n\n\n\n<div class=\"wp-block-group\"><div class=\"wp-block-group__inner-container is-layout-flow wp-block-group-is-layout-flow\">\n<div class=\"wp-block-group has-vivid-purple-color has-text-color\"><div class=\"wp-block-group__inner-container is-layout-flow wp-block-group-is-layout-flow\">\n<div class=\"wp-block-group\"><div class=\"wp-block-group__inner-container is-layout-flow wp-block-group-is-layout-flow\">\n<hr class=\"wp-block-separator has-css-opacity\"\/>\n<\/div><\/div>\n<\/div><\/div>\n<\/div><\/div>\n\n\n\n<p style=\"font-size:17px\">Dieser Blog ist f\u00fcr Studierende von Studierenden. Hattest Du nicht auch schonmal den Wunsch, im Ausland zu studieren? Welche M\u00f6glichkeiten gibt es f\u00fcr Deinen Studiengang? Was kannst Du in welchen St\u00e4dten neben dem Studium erleben? <\/p>\n\n\n\n<p style=\"font-size:17px\">Hier findest Du Antworten auf viele Deiner Fragen! Die Beitr\u00e4ge informieren \u00fcber die unterschiedlichen L\u00e4nder, Partneruniversit\u00e4ten und das dortige Leben und Du hast die M\u00f6glichkeit, pers\u00f6nliche Erfahrungsberichte zu lesen. Viel Spa\u00df! <\/p>\n\n\n\n<div style=\"height:48px\" aria-hidden=\"true\" class=\"wp-block-spacer\"><\/div>\n\n\n\n<h2 class=\"wp-block-heading has-text-align-center\"><a href=\"https:\/\/www.ls.haw-hamburg.de\/~Living-and-Studies\/index.php\/beitrags-seite\/\"><strong><span class=\"has-inline-color has-vivid-cyan-blue-color\"><em>Hier<\/em> geht es zu den neusten Beitr\u00e4gen<\/span><\/strong><\/a><\/h2>\n\n\n\n<hr class=\"wp-block-separator has-css-opacity\"\/>\n\n\n\n<div style=\"height:29px\" aria-hidden=\"true\" class=\"wp-block-spacer\"><\/div>\n\n\n\n<p style=\"font-size:10px\">Disclaimer: Bei unseren Texten handelt es sich um redaktionelle Beitr\u00e4ge, der unbeabsichtigt eine werbende Wirkung bei den Leser*innen haben k\u00f6nnte, ohne dass wir von Unternehmen daf\u00fcr beauftragt wurde. <\/p>\n\n\n\n<h2 class=\"wp-block-heading\"><\/h2>\n\n\n\n<div class=\"wp-block-group\"><div class=\"wp-block-group__inner-container is-layout-flow wp-block-group-is-layout-flow\">\n<div class=\"wp-block-group\"><div class=\"wp-block-group__inner-container is-layout-flow wp-block-group-is-layout-flow\"><\/div><\/div>\n<\/div><\/div>\n\n\n\n<div class=\"wp-block-cover is-light\" style=\"min-height:679px;aspect-ratio:unset;\"><span aria-hidden=\"true\" class=\"wp-block-cover__background has-background-dim-100 has-background-dim has-background-gradient\" style=\"background:linear-gradient(135deg,rgb(255,245,203) 0%,rgb(182,227,212) 81%,rgb(51,167,181) 100%)\"><\/span><div class=\"wp-block-cover__inner-container is-layout-flow wp-block-cover-is-layout-flow\">\n<h1 class=\"wp-block-heading has-text-align-center has-very-dark-gray-color has-text-color\"><strong>News<\/strong><\/h1>\n\n\n\n<h2 class=\"wp-block-heading has-text-align-center\"><span class=\"has-inline-color has-very-dark-gray-color\">Buddys gesucht!<\/span><\/h2>\n\n\n\n<p><span class=\"has-inline-color has-very-dark-gray-color\">Du m\u00f6chtest Dich international vernetzen und bist an anderen Kulturen, L\u00e4ndern und Sprachen interessiert?<\/span><\/p>\n\n\n\n<p><span class=\"has-inline-color has-very-dark-gray-color\">Melde Dich gerne als Buddy f\u00fcr das kommende <strong>Wintersemester 2022\/23<\/strong> an und unterst\u00fctze einen Erasmus-Studierenden aus dem Ausland f\u00fcr ein Semester \ud83d\ude42<\/span><\/p>\n\n\n\n<p><span class=\"has-inline-color has-very-dark-gray-color\">Mehr Informationen findest Du <\/span><a href=\"https:\/\/www.haw-hamburg.de\/webuddy\/moechten-sie-ein-buddy-sein\/\"><span class=\"has-inline-color has-vivid-cyan-blue-color\"><strong>hier<\/strong><\/span><\/a> <span class=\"has-inline-color has-very-dark-gray-color\">!<\/span><\/p>\n\n\n\n<figure class=\"wp-block-image size-large\"><img loading=\"lazy\" decoding=\"async\" width=\"1024\" height=\"577\" src=\"https:\/\/www.ls.haw-hamburg.de\/~Living-and-Studies\/wp-content\/uploads\/2022\/05\/csm_weBuddy_Canoe_e1245c89c4-1024x577.jpg\" alt=\"\" class=\"wp-image-1982\" srcset=\"https:\/\/www.ls.haw-hamburg.de\/~Living-and-Studies\/wp-content\/uploads\/2022\/05\/csm_weBuddy_Canoe_e1245c89c4-1024x577.jpg 1024w, https:\/\/www.ls.haw-hamburg.de\/~Living-and-Studies\/wp-content\/uploads\/2022\/05\/csm_weBuddy_Canoe_e1245c89c4-300x169.jpg 300w, https:\/\/www.ls.haw-hamburg.de\/~Living-and-Studies\/wp-content\/uploads\/2022\/05\/csm_weBuddy_Canoe_e1245c89c4-768x433.jpg 768w, https:\/\/www.ls.haw-hamburg.de\/~Living-and-Studies\/wp-content\/uploads\/2022\/05\/csm_weBuddy_Canoe_e1245c89c4.jpg 1140w\" sizes=\"auto, (max-width: 1024px) 100vw, 1024px\" \/><\/figure>\n\n\n\n<p><\/p>\n<\/div><\/div>\n\n\n\n<div style=\"height:100px\" aria-hidden=\"true\" class=\"wp-block-spacer\"><\/div>\n\n\n\n<ul class=\"wp-block-social-links aligncenter is-style-default is-layout-flex wp-block-social-links-is-layout-flex\"><li class=\"wp-social-link wp-social-link-wordpress  wp-block-social-link\"><a href=\"https:\/\/wordpress.org\" class=\"wp-block-social-link-anchor\"><svg width=\"24\" height=\"24\" viewBox=\"0 0 24 24\" version=\"1.1\" xmlns=\"http:\/\/www.w3.org\/2000\/svg\" aria-hidden=\"true\" focusable=\"false\"><path d=\"M12.158,12.786L9.46,20.625c0.806,0.237,1.657,0.366,2.54,0.366c1.047,0,2.051-0.181,2.986-0.51 c-0.024-0.038-0.046-0.079-0.065-0.124L12.158,12.786z M3.009,12c0,3.559,2.068,6.634,5.067,8.092L3.788,8.341 C3.289,9.459,3.009,10.696,3.009,12z M18.069,11.546c0-1.112-0.399-1.881-0.741-2.48c-0.456-0.741-0.883-1.368-0.883-2.109 c0-0.826,0.627-1.596,1.51-1.596c0.04,0,0.078,0.005,0.116,0.007C16.472,3.904,14.34,3.009,12,3.009 c-3.141,0-5.904,1.612-7.512,4.052c0.211,0.007,0.41,0.011,0.579,0.011c0.94,0,2.396-0.114,2.396-0.114 C7.947,6.93,8.004,7.642,7.52,7.699c0,0-0.487,0.057-1.029,0.085l3.274,9.739l1.968-5.901l-1.401-3.838 C9.848,7.756,9.389,7.699,9.389,7.699C8.904,7.67,8.961,6.93,9.446,6.958c0,0,1.484,0.114,2.368,0.114 c0.94,0,2.397-0.114,2.397-0.114c0.485-0.028,0.542,0.684,0.057,0.741c0,0-0.488,0.057-1.029,0.085l3.249,9.665l0.897-2.996 C17.841,13.284,18.069,12.316,18.069,11.546z M19.889,7.686c0.039,0.286,0.06,0.593,0.06,0.924c0,0.912-0.171,1.938-0.684,3.22 l-2.746,7.94c2.673-1.558,4.47-4.454,4.47-7.771C20.991,10.436,20.591,8.967,19.889,7.686z M12,22C6.486,22,2,17.514,2,12 C2,6.486,6.486,2,12,2c5.514,0,10,4.486,10,10C22,17.514,17.514,22,12,22z\"><\/path><\/svg><span class=\"wp-block-social-link-label screen-reader-text\">WordPress<\/span><\/a><\/li>\n\n\n\n\n\n<li class=\"wp-social-link wp-social-link-instagram  wp-block-social-link\"><a href=\"https:\/\/www.instagram.com\/haw_livingandstudies\/\" class=\"wp-block-social-link-anchor\"><svg width=\"24\" height=\"24\" viewBox=\"0 0 24 24\" version=\"1.1\" xmlns=\"http:\/\/www.w3.org\/2000\/svg\" aria-hidden=\"true\" focusable=\"false\"><path d=\"M12,4.622c2.403,0,2.688,0.009,3.637,0.052c0.877,0.04,1.354,0.187,1.671,0.31c0.42,0.163,0.72,0.358,1.035,0.673 c0.315,0.315,0.51,0.615,0.673,1.035c0.123,0.317,0.27,0.794,0.31,1.671c0.043,0.949,0.052,1.234,0.052,3.637 s-0.009,2.688-0.052,3.637c-0.04,0.877-0.187,1.354-0.31,1.671c-0.163,0.42-0.358,0.72-0.673,1.035 c-0.315,0.315-0.615,0.51-1.035,0.673c-0.317,0.123-0.794,0.27-1.671,0.31c-0.949,0.043-1.233,0.052-3.637,0.052 s-2.688-0.009-3.637-0.052c-0.877-0.04-1.354-0.187-1.671-0.31c-0.42-0.163-0.72-0.358-1.035-0.673 c-0.315-0.315-0.51-0.615-0.673-1.035c-0.123-0.317-0.27-0.794-0.31-1.671C4.631,14.688,4.622,14.403,4.622,12 s0.009-2.688,0.052-3.637c0.04-0.877,0.187-1.354,0.31-1.671c0.163-0.42,0.358-0.72,0.673-1.035 c0.315-0.315,0.615-0.51,1.035-0.673c0.317-0.123,0.794-0.27,1.671-0.31C9.312,4.631,9.597,4.622,12,4.622 M12,3 C9.556,3,9.249,3.01,8.289,3.054C7.331,3.098,6.677,3.25,6.105,3.472C5.513,3.702,5.011,4.01,4.511,4.511 c-0.5,0.5-0.808,1.002-1.038,1.594C3.25,6.677,3.098,7.331,3.054,8.289C3.01,9.249,3,9.556,3,12c0,2.444,0.01,2.751,0.054,3.711 c0.044,0.958,0.196,1.612,0.418,2.185c0.23,0.592,0.538,1.094,1.038,1.594c0.5,0.5,1.002,0.808,1.594,1.038 c0.572,0.222,1.227,0.375,2.185,0.418C9.249,20.99,9.556,21,12,21s2.751-0.01,3.711-0.054c0.958-0.044,1.612-0.196,2.185-0.418 c0.592-0.23,1.094-0.538,1.594-1.038c0.5-0.5,0.808-1.002,1.038-1.594c0.222-0.572,0.375-1.227,0.418-2.185 C20.99,14.751,21,14.444,21,12s-0.01-2.751-0.054-3.711c-0.044-0.958-0.196-1.612-0.418-2.185c-0.23-0.592-0.538-1.094-1.038-1.594 c-0.5-0.5-1.002-0.808-1.594-1.038c-0.572-0.222-1.227-0.375-2.185-0.418C14.751,3.01,14.444,3,12,3L12,3z M12,7.378 c-2.552,0-4.622,2.069-4.622,4.622S9.448,16.622,12,16.622s4.622-2.069,4.622-4.622S14.552,7.378,12,7.378z M12,15 c-1.657,0-3-1.343-3-3s1.343-3,3-3s3,1.343,3,3S13.657,15,12,15z M16.804,6.116c-0.596,0-1.08,0.484-1.08,1.08 s0.484,1.08,1.08,1.08c0.596,0,1.08-0.484,1.08-1.08S17.401,6.116,16.804,6.116z\"><\/path><\/svg><span class=\"wp-block-social-link-label screen-reader-text\">Instagram<\/span><\/a><\/li>\n\n\n\n<\/ul>\n\n\n\n<div style=\"height:100px\" aria-hidden=\"true\" class=\"wp-block-spacer\"><\/div>\n\n\n\n<h3 class=\"wp-block-heading\">Behind Living and Studies<\/h3>\n\n\n\n<hr class=\"wp-block-separator has-css-opacity\"\/>\n\n\n\n<div style=\"height:27px\" aria-hidden=\"true\" class=\"wp-block-spacer\"><\/div>\n\n\n\n<div style=\"height:197px\" aria-hidden=\"true\" class=\"wp-block-spacer\"><\/div>\n\n\n\n<div style=\"height:128px\" aria-hidden=\"true\" class=\"wp-block-spacer\"><\/div>\n\n\n\n<div class=\"wp-block-group\"><div class=\"wp-block-group__inner-container is-layout-flow wp-block-group-is-layout-flow\">\n<div class=\"wp-block-group alignwide\"><div class=\"wp-block-group__inner-container is-layout-flow wp-block-group-is-layout-flow\"><\/div><\/div>\n<\/div><\/div>\n","protected":false},"excerpt":{"rendered":"<p>Dieser Blog ist f\u00fcr Studierende von Studierenden. Hattest Du nicht auch schonmal den Wunsch, im Ausland zu studieren? Welche M\u00f6glichkeiten gibt es f\u00fcr Deinen Studiengang? Was kannst Du in welchen St\u00e4dten neben dem Studium erleben? Hier findest Du Antworten auf viele Deiner Fragen! Die Beitr\u00e4ge informieren \u00fcber die unterschiedlichen L\u00e4nder, Partneruniversit\u00e4ten und das dortige Leben [&hellip;]<\/p>\n","protected":false},"author":1,"featured_media":0,"parent":0,"menu_order":0,"comment_status":"closed","ping_status":"closed","template":"","meta":{"footnotes":""},"class_list":["post-150","page","type-page","status-publish","hentry"],"_links":{"self":[{"href":"https:\/\/www.ls.haw-hamburg.de\/~Living-and-Studies\/index.php\/wp-json\/wp\/v2\/pages\/150","targetHints":{"allow":["GET"]}}],"collection":[{"href":"https:\/\/www.ls.haw-hamburg.de\/~Living-and-Studies\/index.php\/wp-json\/wp\/v2\/pages"}],"about":[{"href":"https:\/\/www.ls.haw-hamburg.de\/~Living-and-Studies\/index.php\/wp-json\/wp\/v2\/types\/page"}],"author":[{"embeddable":true,"href":"https:\/\/www.ls.haw-hamburg.de\/~Living-and-Studies\/index.php\/wp-json\/wp\/v2\/users\/1"}],"replies":[{"embeddable":true,"href":"https:\/\/www.ls.haw-hamburg.de\/~Living-and-Studies\/index.php\/wp-json\/wp\/v2\/comments?post=150"}],"version-history":[{"count":130,"href":"https:\/\/www.ls.haw-hamburg.de\/~Living-and-Studies\/index.php\/wp-json\/wp\/v2\/pages\/150\/revisions"}],"predecessor-version":[{"id":2008,"href":"https:\/\/www.ls.haw-hamburg.de\/~Living-and-Studies\/index.php\/wp-json\/wp\/v2\/pages\/150\/revisions\/2008"}],"wp:attachment":[{"href":"https:\/\/www.ls.haw-hamburg.de\/~Living-and-Studies\/index.php\/wp-json\/wp\/v2\/media?parent=150"}],"curies":[{"name":"wp","href":"https:\/\/api.w.org\/{rel}","templated":true}]}}